{"id":3535,"date":"2025-07-23T07:18:46","date_gmt":"2025-07-23T15:18:46","guid":{"rendered":"https:\/\/vabyalevillegas.com\/?post_type=product&#038;p=3535"},"modified":"2026-04-09T16:33:17","modified_gmt":"2026-04-10T00:33:17","slug":"anto-midnight-copy-copy-copy-copy-copy-copy-copy-copy","status":"publish","type":"product","link":"https:\/\/vabyalevillegas.com\/es\/producto\/anto-midnight-copy-copy-copy-copy-copy-copy-copy-copy\/","title":{"rendered":"Mariela &#8211; Sparkle"},"content":{"rendered":"<p style=\"font-weight: 400;\">Es una cartera peque\u00f1a perfecta para un evento chic pero adem\u00e1s gracias a sus tiras desmontables la puedes convertir en un bolso m\u00e1s casual para cualquier ocasi\u00f3n. Peque\u00f1a pero llamativa. <\/p>\n<ul>\n<li>Cuero granulado<\/li>\n<li>Accesorios en tono dorado<\/li>\n<li>Bolsillo interno con cierre<\/li>\n<li>Interior de gamuza<\/li>\n<li>Tira larga<\/li>\n<li>Peque\u00f1o logo VA en tono dorado<\/li>\n<li>Cuero 100% italiano<\/li>\n<li>Peso: 589 gramos aproximadamente<\/li>\n<li>Medidas: 25cm (Ancho) x 25cm (Alto) x 4cm (Profundidad)<\/li>\n<li>Hecha en Italia<\/li>\n<\/ul>\n<p>&nbsp;<\/p>\n","protected":false},"excerpt":{"rendered":"<p>Es una cartera peque\u00f1a perfecta para un evento chic pero adem\u00e1s gracias a sus tiras desmontables la puedes convertir en un bolso m\u00e1s casual para cualquier ocasi\u00f3n. Peque\u00f1a pero llamativa. <\/p>\n","protected":false},"featured_media":3763,"template":"","meta":{"_acf_changed":false},"color":[],"stock":[],"product_brand":[],"product_cat":[121],"product_tag":[],"class_list":{"0":"post-3535","1":"product","2":"type-product","3":"status-publish","4":"has-post-thumbnail","6":"product_cat-mariela-es","7":"product_shipping_class-medium","9":"first","10":"instock","11":"sale","12":"taxable","13":"shipping-taxable","14":"purchasable","15":"product-type-simple"},"acf":[],"jetpack_sharing_enabled":true,"_links":{"self":[{"href":"https:\/\/vabyalevillegas.com\/es\/wp-json\/wp\/v2\/product\/3535","targetHints":{"allow":["GET"]}}],"collection":[{"href":"https:\/\/vabyalevillegas.com\/es\/wp-json\/wp\/v2\/product"}],"about":[{"href":"https:\/\/vabyalevillegas.com\/es\/wp-json\/wp\/v2\/types\/product"}],"version-history":[{"count":2,"href":"https:\/\/vabyalevillegas.com\/es\/wp-json\/wp\/v2\/product\/3535\/revisions"}],"predecessor-version":[{"id":3807,"href":"https:\/\/vabyalevillegas.com\/es\/wp-json\/wp\/v2\/product\/3535\/revisions\/3807"}],"wp:featuredmedia":[{"embeddable":true,"href":"https:\/\/vabyalevillegas.com\/es\/wp-json\/wp\/v2\/media\/3763"}],"wp:attachment":[{"href":"https:\/\/vabyalevillegas.com\/es\/wp-json\/wp\/v2\/media?parent=3535"}],"wp:term":[{"taxonomy":"color","embeddable":true,"href":"https:\/\/vabyalevillegas.com\/es\/wp-json\/wp\/v2\/color?post=3535"},{"taxonomy":"stock","embeddable":true,"href":"https:\/\/vabyalevillegas.com\/es\/wp-json\/wp\/v2\/stock?post=3535"},{"taxonomy":"product_brand","embeddable":true,"href":"https:\/\/vabyalevillegas.com\/es\/wp-json\/wp\/v2\/product_brand?post=3535"},{"taxonomy":"product_cat","embeddable":true,"href":"https:\/\/vabyalevillegas.com\/es\/wp-json\/wp\/v2\/product_cat?post=3535"},{"taxonomy":"product_tag","embeddable":true,"href":"https:\/\/vabyalevillegas.com\/es\/wp-json\/wp\/v2\/product_tag?post=3535"}],"curies":[{"name":"wp","href":"https:\/\/api.w.org\/{rel}","templated":true}]}}