{"id":3529,"date":"2025-07-23T15:16:11","date_gmt":"2025-07-23T15:16:11","guid":{"rendered":"https:\/\/vabyalevillegas.com\/?post_type=product&#038;p=3529"},"modified":"2026-05-01T17:10:14","modified_gmt":"2026-05-02T01:10:14","slug":"anto-midnight-copy-copy-copy-copy-copy-copy","status":"publish","type":"product","link":"https:\/\/vabyalevillegas.com\/es\/producto\/anto-midnight-copy-copy-copy-copy-copy-copy\/","title":{"rendered":"Enzina &#8211; Cacao"},"content":{"rendered":"<p style=\"font-weight: 400;\">Si ya amas nuestra ic\u00f3nica Vincenza, te vas a enamorar de la Enzina, el mismo dise\u00f1o que adoras, ahora en una versi\u00f3n m\u00e1s peque\u00f1a. Perfecta para una salida de noche o un c\u00f3ctel elegante durante el d\u00eda. Minimalista, pr\u00e1ctica y llena de actitud.  <\/p>\n<ul>\n<li>Cuero saffiano<\/li>\n<li>Accesorios en tono dorado<\/li>\n<li>Solapa frontal con cierre giratorio<\/li>\n<li>Bolsillo interior con cierre<\/li>\n<li>Dos bolsillos interiores<\/li>\n<li>Tira larga<\/li>\n<li>Peque\u00f1o logo VA en tono dorado<\/li>\n<li>Cuero 100% italiano<\/li>\n<li>Peso: 589 gramos aproximadamente<\/li>\n<li>Medidas: 30cm (Ancho) x 28cm (Alto) x 4cm (Profunidad)<\/li>\n<li>Hecha en Italia<\/li>\n<\/ul>\n<p>&nbsp;<\/p>\n","protected":false},"excerpt":{"rendered":"<p>Si ya amas nuestra ic\u00f3nica Vincenza, te vas a enamorar de la Enzina, el mismo dise\u00f1o que adoras, ahora en una versi\u00f3n m\u00e1s peque\u00f1a. Perfecta para una salida de noche o un c\u00f3ctel elegante durante el d\u00eda. Minimalista, pr\u00e1ctica y llena de actitud.  <\/p>\n","protected":false},"featured_media":3841,"template":"","meta":{"_acf_changed":false},"color":[],"stock":[],"product_brand":[],"product_cat":[120],"product_tag":[],"class_list":{"0":"post-3529","1":"product","2":"type-product","3":"status-publish","4":"has-post-thumbnail","6":"product_cat-enzina-es","7":"product_shipping_class-medium","9":"first","10":"instock","11":"sale","12":"taxable","13":"shipping-taxable","14":"purchasable","15":"product-type-simple"},"acf":[],"jetpack_sharing_enabled":true,"_links":{"self":[{"href":"https:\/\/vabyalevillegas.com\/es\/wp-json\/wp\/v2\/product\/3529","targetHints":{"allow":["GET"]}}],"collection":[{"href":"https:\/\/vabyalevillegas.com\/es\/wp-json\/wp\/v2\/product"}],"about":[{"href":"https:\/\/vabyalevillegas.com\/es\/wp-json\/wp\/v2\/types\/product"}],"version-history":[{"count":2,"href":"https:\/\/vabyalevillegas.com\/es\/wp-json\/wp\/v2\/product\/3529\/revisions"}],"predecessor-version":[{"id":3805,"href":"https:\/\/vabyalevillegas.com\/es\/wp-json\/wp\/v2\/product\/3529\/revisions\/3805"}],"wp:featuredmedia":[{"embeddable":true,"href":"https:\/\/vabyalevillegas.com\/es\/wp-json\/wp\/v2\/media\/3841"}],"wp:attachment":[{"href":"https:\/\/vabyalevillegas.com\/es\/wp-json\/wp\/v2\/media?parent=3529"}],"wp:term":[{"taxonomy":"color","embeddable":true,"href":"https:\/\/vabyalevillegas.com\/es\/wp-json\/wp\/v2\/color?post=3529"},{"taxonomy":"stock","embeddable":true,"href":"https:\/\/vabyalevillegas.com\/es\/wp-json\/wp\/v2\/stock?post=3529"},{"taxonomy":"product_brand","embeddable":true,"href":"https:\/\/vabyalevillegas.com\/es\/wp-json\/wp\/v2\/product_brand?post=3529"},{"taxonomy":"product_cat","embeddable":true,"href":"https:\/\/vabyalevillegas.com\/es\/wp-json\/wp\/v2\/product_cat?post=3529"},{"taxonomy":"product_tag","embeddable":true,"href":"https:\/\/vabyalevillegas.com\/es\/wp-json\/wp\/v2\/product_tag?post=3529"}],"curies":[{"name":"wp","href":"https:\/\/api.w.org\/{rel}","templated":true}]}}