{"id":2426,"date":"2025-02-13T07:01:10","date_gmt":"2025-02-13T15:01:10","guid":{"rendered":"https:\/\/vabyalevillegas.com\/?post_type=product&#038;p=2426"},"modified":"2026-04-09T16:47:27","modified_gmt":"2026-04-10T00:47:27","slug":"bon-bon-canvas","status":"publish","type":"product","link":"https:\/\/vabyalevillegas.com\/es\/producto\/bon-bon-canvas\/","title":{"rendered":"Bon Bon \u2013 Canvas"},"content":{"rendered":"<p><span style=\"font-weight: 400;\">La VA Bon Bon es el accesorio perfecto para llamar la atenci\u00f3n. Tiene un dise\u00f1o simple y elegante, y adem\u00e1s una forma estructurada pero flexible. Es lo suficientemente vers\u00e1til para salidas casuales, uso diario o un evento semi formal.\u00a0<\/span><\/p>\n<ul>\n<li style=\"font-weight: 400;\" aria-level=\"1\"><span style=\"font-weight: 400;\">Cuero granulado<\/span><\/li>\n<li style=\"font-weight: 400;\" aria-level=\"1\"><span style=\"font-weight: 400;\">Accesorios en tono dorado<\/span><\/li>\n<li style=\"font-weight: 400;\" aria-level=\"1\"><span style=\"font-weight: 400;\">Bolsillo interior con cierre<\/span><\/li>\n<li style=\"font-weight: 400;\" aria-level=\"1\"><span style=\"font-weight: 400;\">Bolsillo grande con cierre que sirve como separador<\/span><\/li>\n<li style=\"font-weight: 400;\" aria-level=\"1\"><span style=\"font-weight: 400;\">Peque\u00f1o logo VA en tono dorado\u00a0<\/span><\/li>\n<li style=\"font-weight: 400;\" aria-level=\"1\"><span style=\"font-weight: 400;\">Cuero 100% italiano\u00a0<\/span><\/li>\n<li style=\"font-weight: 400;\" aria-level=\"1\"><span style=\"font-weight: 400;\">Peso: 453 gramos aproximadamente<\/span><\/li>\n<li style=\"font-weight: 400;\" aria-level=\"1\"><span style=\"font-weight: 400;\">Medidas: 33cm (Ancho) x 35cm (Alto) x 17cm (Profunidad)<\/span><\/li>\n<li style=\"font-weight: 400;\" aria-level=\"1\"><span style=\"font-weight: 400;\">Hecha en Italia<\/span><\/li>\n<\/ul>\n","protected":false},"excerpt":{"rendered":"<p>La VA Bon Bon es el accesorio perfecto para llamar la atenci\u00f3n. Tiene un dise\u00f1o simple y elegante, y adem\u00e1s una forma estructurada pero flexible. Es lo suficientemente vers\u00e1til para salidas casuales, uso diario o un evento semi formal.\u00a0 Cuero granulado Accesorios en tono dorado Bolsillo interior con cierre Bolsillo grande con cierre que sirve [&hellip;]<\/p>\n","protected":false},"featured_media":2118,"template":"","meta":{"_acf_changed":false},"color":[],"stock":[],"product_brand":[],"product_cat":[97],"product_tag":[],"class_list":{"0":"post-2426","1":"product","2":"type-product","3":"status-publish","4":"has-post-thumbnail","6":"product_cat-bon-bon","7":"product_shipping_class-medium","9":"first","10":"instock","11":"sale","12":"taxable","13":"shipping-taxable","14":"purchasable","15":"product-type-simple"},"acf":[],"jetpack_sharing_enabled":true,"_links":{"self":[{"href":"https:\/\/vabyalevillegas.com\/es\/wp-json\/wp\/v2\/product\/2426","targetHints":{"allow":["GET"]}}],"collection":[{"href":"https:\/\/vabyalevillegas.com\/es\/wp-json\/wp\/v2\/product"}],"about":[{"href":"https:\/\/vabyalevillegas.com\/es\/wp-json\/wp\/v2\/types\/product"}],"version-history":[{"count":2,"href":"https:\/\/vabyalevillegas.com\/es\/wp-json\/wp\/v2\/product\/2426\/revisions"}],"predecessor-version":[{"id":2430,"href":"https:\/\/vabyalevillegas.com\/es\/wp-json\/wp\/v2\/product\/2426\/revisions\/2430"}],"wp:featuredmedia":[{"embeddable":true,"href":"https:\/\/vabyalevillegas.com\/es\/wp-json\/wp\/v2\/media\/2118"}],"wp:attachment":[{"href":"https:\/\/vabyalevillegas.com\/es\/wp-json\/wp\/v2\/media?parent=2426"}],"wp:term":[{"taxonomy":"color","embeddable":true,"href":"https:\/\/vabyalevillegas.com\/es\/wp-json\/wp\/v2\/color?post=2426"},{"taxonomy":"stock","embeddable":true,"href":"https:\/\/vabyalevillegas.com\/es\/wp-json\/wp\/v2\/stock?post=2426"},{"taxonomy":"product_brand","embeddable":true,"href":"https:\/\/vabyalevillegas.com\/es\/wp-json\/wp\/v2\/product_brand?post=2426"},{"taxonomy":"product_cat","embeddable":true,"href":"https:\/\/vabyalevillegas.com\/es\/wp-json\/wp\/v2\/product_cat?post=2426"},{"taxonomy":"product_tag","embeddable":true,"href":"https:\/\/vabyalevillegas.com\/es\/wp-json\/wp\/v2\/product_tag?post=2426"}],"curies":[{"name":"wp","href":"https:\/\/api.w.org\/{rel}","templated":true}]}}