{"id":2394,"date":"2025-02-11T16:45:46","date_gmt":"2025-02-11T16:45:46","guid":{"rendered":"https:\/\/vabyalevillegas.com\/?post_type=product&#038;p=2394"},"modified":"2026-04-09T16:47:27","modified_gmt":"2026-04-10T00:47:27","slug":"patricia-toffee","status":"publish","type":"product","link":"https:\/\/vabyalevillegas.com\/es\/producto\/patricia-toffee\/","title":{"rendered":"Patricia \u2013 Toffee"},"content":{"rendered":"<p><span style=\"font-weight: 400;\">Chic y s\u00faper liviana, nuestra Patricia combina elegancia moderna con practicidad para uso frecuente. Su dise\u00f1o espacioso y su silueta delgada la convierten en el bolso ideal tanto para d\u00edas ocupados como para viajes con estilo.<\/span><\/p>\n<ul>\n<li style=\"font-weight: 400;\" aria-level=\"1\"><span style=\"font-weight: 400;\">Cuero italiano<\/span><\/li>\n<li style=\"font-weight: 400;\" aria-level=\"1\"><span style=\"font-weight: 400;\">Accesorios en tono dorado<\/span><\/li>\n<li style=\"font-weight: 400;\" aria-level=\"1\"><span style=\"font-weight: 400;\">Bolsillo externo en la parte de atr\u00e1s convertible a compartimiento para maleta<\/span><\/li>\n<li style=\"font-weight: 400;\" aria-level=\"1\"><span style=\"font-weight: 400;\">Peque\u00f1o logo VA en tono dorado<\/span><\/li>\n<li style=\"font-weight: 400;\" aria-level=\"1\"><span style=\"font-weight: 400;\">Bolsillo interno con cierre<\/span><\/li>\n<li style=\"font-weight: 400;\" aria-level=\"1\"><span style=\"font-weight: 400;\">Compartimento principal con cierre<\/span><\/li>\n<li style=\"font-weight: 400;\" aria-level=\"1\"><span style=\"font-weight: 400;\">Dos compartimientos adicionales con cierre magn\u00e9tico<\/span><\/li>\n<li style=\"font-weight: 400;\" aria-level=\"1\"><span style=\"font-weight: 400;\">Tiras de cuero para el hombro<\/span><\/li>\n<li style=\"font-weight: 400;\" aria-level=\"1\"><span style=\"font-weight: 400;\">Cuero 100% italiano<\/span><\/li>\n<li style=\"font-weight: 400;\" aria-level=\"1\"><span style=\"font-weight: 400;\">Peso: 771 gramos aproximadamente<\/span><\/li>\n<li style=\"font-weight: 400;\" aria-level=\"1\"><span style=\"font-weight: 400;\">Medidas: 53cm (Ancho) x 32cm (Alto) x 15.5cm (Profundidad)<\/span><\/li>\n<li style=\"font-weight: 400;\" aria-level=\"1\"><span style=\"font-weight: 400;\">Hecha en Italia<\/span><\/li>\n<\/ul>\n","protected":false},"excerpt":{"rendered":"<p>Chic y s\u00faper liviana, nuestra Patricia combina elegancia moderna con practicidad para uso frecuente. Su dise\u00f1o espacioso y su silueta delgada la convierten en el bolso ideal tanto para d\u00edas ocupados como para viajes con estilo. Cuero italiano Accesorios en tono dorado Bolsillo externo en la parte de atr\u00e1s convertible a compartimiento para maleta Peque\u00f1o [&hellip;]<\/p>\n","protected":false},"featured_media":2124,"template":"","meta":{"_acf_changed":false},"color":[],"stock":[],"product_brand":[],"product_cat":[100],"product_tag":[],"class_list":{"0":"post-2394","1":"product","2":"type-product","3":"status-publish","4":"has-post-thumbnail","6":"product_cat-patricia-es","8":"first","9":"instock","10":"sale","11":"featured","12":"taxable","13":"shipping-taxable","14":"purchasable","15":"product-type-simple"},"acf":[],"jetpack_sharing_enabled":true,"_links":{"self":[{"href":"https:\/\/vabyalevillegas.com\/es\/wp-json\/wp\/v2\/product\/2394","targetHints":{"allow":["GET"]}}],"collection":[{"href":"https:\/\/vabyalevillegas.com\/es\/wp-json\/wp\/v2\/product"}],"about":[{"href":"https:\/\/vabyalevillegas.com\/es\/wp-json\/wp\/v2\/types\/product"}],"version-history":[{"count":1,"href":"https:\/\/vabyalevillegas.com\/es\/wp-json\/wp\/v2\/product\/2394\/revisions"}],"predecessor-version":[{"id":2396,"href":"https:\/\/vabyalevillegas.com\/es\/wp-json\/wp\/v2\/product\/2394\/revisions\/2396"}],"wp:featuredmedia":[{"embeddable":true,"href":"https:\/\/vabyalevillegas.com\/es\/wp-json\/wp\/v2\/media\/2124"}],"wp:attachment":[{"href":"https:\/\/vabyalevillegas.com\/es\/wp-json\/wp\/v2\/media?parent=2394"}],"wp:term":[{"taxonomy":"color","embeddable":true,"href":"https:\/\/vabyalevillegas.com\/es\/wp-json\/wp\/v2\/color?post=2394"},{"taxonomy":"stock","embeddable":true,"href":"https:\/\/vabyalevillegas.com\/es\/wp-json\/wp\/v2\/stock?post=2394"},{"taxonomy":"product_brand","embeddable":true,"href":"https:\/\/vabyalevillegas.com\/es\/wp-json\/wp\/v2\/product_brand?post=2394"},{"taxonomy":"product_cat","embeddable":true,"href":"https:\/\/vabyalevillegas.com\/es\/wp-json\/wp\/v2\/product_cat?post=2394"},{"taxonomy":"product_tag","embeddable":true,"href":"https:\/\/vabyalevillegas.com\/es\/wp-json\/wp\/v2\/product_tag?post=2394"}],"curies":[{"name":"wp","href":"https:\/\/api.w.org\/{rel}","templated":true}]}}