{"id":2373,"date":"2025-02-13T15:18:15","date_gmt":"2025-02-13T15:18:15","guid":{"rendered":"https:\/\/vabyalevillegas.com\/?post_type=product&#038;p=2373"},"modified":"2026-04-09T16:47:26","modified_gmt":"2026-04-10T00:47:26","slug":"venice-latte","status":"publish","type":"product","link":"https:\/\/vabyalevillegas.com\/es\/producto\/venice-latte\/","title":{"rendered":"Venice \u2013 Latte"},"content":{"rendered":"<p><span style=\"font-weight: 400;\">La Venice es una pieza chic y elegante que tiene una silueta delicada, moderna y minimalista. Esta cartera viene con una c\u00f3moda tira y un cierre de seguridad, que la convierten en la pieza ideal con una combinaci\u00f3n de estilo y funcionalidad para cualquier ocasi\u00f3n.\u00a0<\/span><\/p>\n<ul>\n<li style=\"font-weight: 400;\" aria-level=\"1\"><span style=\"font-weight: 400;\">Cuero bicast<\/span><\/li>\n<li style=\"font-weight: 400;\" aria-level=\"1\"><span style=\"font-weight: 400;\">Accesorios en tono dorado<\/span><\/li>\n<li style=\"font-weight: 400;\" aria-level=\"1\"><span style=\"font-weight: 400;\">Bolsillo interior con cierre<\/span><\/li>\n<li style=\"font-weight: 400;\" aria-level=\"1\"><span style=\"font-weight: 400;\">Peque\u00f1o logo VA en tono dorado\u00a0<\/span><\/li>\n<li style=\"font-weight: 400;\" aria-level=\"1\"><span style=\"font-weight: 400;\">Cuero 100% italiano\u00a0<\/span><\/li>\n<li style=\"font-weight: 400;\" aria-level=\"1\"><span style=\"font-weight: 400;\">Peso: 408 gramos aproximadamente<\/span><\/li>\n<li style=\"font-weight: 400;\" aria-level=\"1\"><span style=\"font-weight: 400;\">Medidas: 25cm (Ancho) x 38cm (Alto) x 5cm (Profunidad)<\/span><\/li>\n<li style=\"font-weight: 400;\" aria-level=\"1\"><span style=\"font-weight: 400;\">Hecha en Italia<\/span><\/li>\n<\/ul>\n","protected":false},"excerpt":{"rendered":"<p>La Venice es una pieza chic y elegante que tiene una silueta delicada, moderna y minimalista. Esta cartera viene con una c\u00f3moda tira y un cierre de seguridad, que la convierten en la pieza ideal con una combinaci\u00f3n de estilo y funcionalidad para cualquier ocasi\u00f3n.\u00a0 Cuero bicast Accesorios en tono dorado Bolsillo interior con cierre [&hellip;]<\/p>\n","protected":false},"featured_media":2064,"template":"","meta":{"_acf_changed":false},"color":[],"stock":[],"product_brand":[],"product_cat":[102],"product_tag":[],"class_list":{"0":"post-2373","1":"product","2":"type-product","3":"status-publish","4":"has-post-thumbnail","6":"product_cat-venice-es","7":"product_shipping_class-medium","9":"first","10":"instock","11":"sale","12":"taxable","13":"shipping-taxable","14":"purchasable","15":"product-type-simple"},"acf":[],"jetpack_sharing_enabled":true,"_links":{"self":[{"href":"https:\/\/vabyalevillegas.com\/es\/wp-json\/wp\/v2\/product\/2373","targetHints":{"allow":["GET"]}}],"collection":[{"href":"https:\/\/vabyalevillegas.com\/es\/wp-json\/wp\/v2\/product"}],"about":[{"href":"https:\/\/vabyalevillegas.com\/es\/wp-json\/wp\/v2\/types\/product"}],"version-history":[{"count":1,"href":"https:\/\/vabyalevillegas.com\/es\/wp-json\/wp\/v2\/product\/2373\/revisions"}],"predecessor-version":[{"id":2374,"href":"https:\/\/vabyalevillegas.com\/es\/wp-json\/wp\/v2\/product\/2373\/revisions\/2374"}],"wp:featuredmedia":[{"embeddable":true,"href":"https:\/\/vabyalevillegas.com\/es\/wp-json\/wp\/v2\/media\/2064"}],"wp:attachment":[{"href":"https:\/\/vabyalevillegas.com\/es\/wp-json\/wp\/v2\/media?parent=2373"}],"wp:term":[{"taxonomy":"color","embeddable":true,"href":"https:\/\/vabyalevillegas.com\/es\/wp-json\/wp\/v2\/color?post=2373"},{"taxonomy":"stock","embeddable":true,"href":"https:\/\/vabyalevillegas.com\/es\/wp-json\/wp\/v2\/stock?post=2373"},{"taxonomy":"product_brand","embeddable":true,"href":"https:\/\/vabyalevillegas.com\/es\/wp-json\/wp\/v2\/product_brand?post=2373"},{"taxonomy":"product_cat","embeddable":true,"href":"https:\/\/vabyalevillegas.com\/es\/wp-json\/wp\/v2\/product_cat?post=2373"},{"taxonomy":"product_tag","embeddable":true,"href":"https:\/\/vabyalevillegas.com\/es\/wp-json\/wp\/v2\/product_tag?post=2373"}],"curies":[{"name":"wp","href":"https:\/\/api.w.org\/{rel}","templated":true}]}}