{"id":4806,"date":"2025-12-01T15:38:08","date_gmt":"2025-12-01T23:38:08","guid":{"rendered":"https:\/\/vabyalevillegas.com\/preguntas-frecuentes\/"},"modified":"2026-01-02T10:30:59","modified_gmt":"2026-01-02T18:30:59","slug":"preguntas-frecuentes","status":"publish","type":"page","link":"https:\/\/vabyalevillegas.com\/es\/preguntas-frecuentes\/","title":{"rendered":"Preguntas frecuentes"},"content":{"rendered":"\t\t<div data-elementor-type=\"wp-page\" data-elementor-id=\"4806\" class=\"elementor elementor-4806 elementor-4798\" data-elementor-post-type=\"page\">\n\t\t\t\t<div class=\"elementor-element elementor-element-d8e31d3 e-flex e-con-boxed e-con e-parent\" data-id=\"d8e31d3\" data-element_type=\"container\" data-e-type=\"container\">\n\t\t\t\t\t<div class=\"e-con-inner\">\n\t\t\t\t<div class=\"elementor-element elementor-element-a3251dc elementor-widget elementor-widget-heading\" data-id=\"a3251dc\" data-element_type=\"widget\" data-e-type=\"widget\" data-widget_type=\"heading.default\">\n\t\t\t\t<div class=\"elementor-widget-container\">\n\t\t\t\t\t<h2 class=\"elementor-heading-title elementor-size-default\">Preguntas frecuentes<\/h2>\t\t\t\t<\/div>\n\t\t\t\t<\/div>\n\t\t\t\t<div class=\"elementor-element elementor-element-eaa8c5d elementor-widget elementor-widget-text-editor\" data-id=\"eaa8c5d\" data-element_type=\"widget\" data-e-type=\"widget\" data-widget_type=\"text-editor.default\">\n\t\t\t\t<div class=\"elementor-widget-container\">\n\t\t\t\t\t\t\t\t\t<h4 class=\"wp-block-heading\"><strong><u>PEDIDOS<\/u><\/strong><\/h4><p><b>&#8211; \u00bfCu\u00e1nto tiempo tarda en procesarse mi pedido?<\/b><br \/>Cada pedido se prepara cuidadosamente con atenci\u00f3n al detalle. Permita entre 24 y 48 horas para el procesamiento antes de que se entregue a USPS para su env\u00edo.<\/p><p>\u00a0<\/p><p><b>&#8211; \u00bfC\u00f3mo ser\u00e9 notificado sobre mi pedido?<\/b><br \/>Despu\u00e9s de completar su compra, recibir\u00e1 un correo electr\u00f3nico de confirmaci\u00f3n con el n\u00famero de pedido y todos los detalles. Una vez que USPS escanee su paquete, se enviar\u00e1 un segundo correo electr\u00f3nico con la informaci\u00f3n de seguimiento. Por favor, revise su carpeta de spam o correo no deseado si no ve estos correos en su bandeja de entrada.<\/p><p>\u00a0<\/p><p><b>&#8211; \u00bfQu\u00e9 formas de pago aceptan?<\/b><br \/>Actualmente aceptamos pagos con todas las tarjetas de cr\u00e9dito principales (Visa, Mastercard, American Express y Discover) para pedidos dentro y fuera de Estados Unidos. Tambi\u00e9n aceptamos Paypal, Apple Pay, Klarna y Afterpay como m\u00e9todos de pago para pedidos que se env\u00edan dentro de EE.\u202fUU., actualmente no aceptamos estos m\u00e9todos para pedidos fuera de EE.\u202fUU.<\/p><p>\u00a0<\/p><p><b>&#8211; \u00bfNecesito una cuenta para comprar en VA?<\/b><\/p><p>No necesita una cuenta para comprar en VA, sin embargo, crear una es gratuito y hace que el proceso de pago sea m\u00e1s r\u00e1pido. Al registrarse, podr\u00e1:<\/p><ul><li aria-level=\"1\">Realizar compras m\u00e1s r\u00e1pidamente<\/li><li aria-level=\"1\">Ver pedidos anteriores<\/li><li aria-level=\"1\">Modificar la informaci\u00f3n de su cuenta<\/li><li aria-level=\"1\">Cambiar su contrase\u00f1a<\/li><li aria-level=\"1\">Guardar m\u00faltiples direcciones de env\u00edo<\/li><li aria-level=\"1\">Crear y monitorear una suscripci\u00f3n de productos VA<\/li><\/ul><p>Si realiza la compra como invitado, todas las confirmaciones y actualizaciones de pedidos se enviar\u00e1n por correo electr\u00f3nico, y no podr\u00e1 hacer seguimiento de esta informaci\u00f3n en nuestro sitio.<\/p><h4>\u00a0<\/h4><h4 class=\"wp-block-heading\"><span style=\"text-decoration: underline;\"><strong>ENV\u00cdOS<\/strong><\/span><\/h4><p><b>&#8211; \u00bfOfrecen env\u00edo gratis?<\/b><br \/>S\u00ed, el env\u00edo es gratuito para todos los pedidos dentro de Estados Unidos y Puerto Rico.<\/p><p>\u00a0<\/p><p><b>&#8211; \u00bfOfrecen env\u00edo internacional?<\/b><br \/>S\u00ed, enviamos a Argentina, Chile, Colombia, Costa Rica, Ecuador, Espa\u00f1a, Guatemala, Italia, M\u00e9xico, Panam\u00e1, Per\u00fa, Portugal, Rep\u00fablica Dominicana, Uruguay y Venezuela. Los costos de env\u00edo dependen del destino y se mostrar\u00e1n al momento del pago una vez que ingrese su direcci\u00f3n. Tenga en cuenta que los env\u00edos internacionales pueden tardar hasta 15 d\u00edas h\u00e1biles en llegar.<\/p><h4>\u00a0<\/h4><h4 class=\"wp-block-heading\"><span style=\"text-decoration: underline;\"><b>DEVOLUCIONES<\/b><\/span><\/h4><p><b>&#8211; \u00bfCu\u00e1l es su pol\u00edtica de devoluciones?<\/b><br \/>Puede solicitar un reembolso completo si devuelve el art\u00edculo no usado dentro de los 30 d\u00edas calendario posteriores a la compra.<\/p><p>\u00a0<\/p><p><b>&#8211; \u00bfQu\u00e9 sucede si cambio de opini\u00f3n despu\u00e9s de la compra?<\/b><br \/>Tiene derecho a un reembolso completo si devuelve el art\u00edculo no usado dentro de los 30 d\u00edas calendario posteriores a la compra.<\/p><p>\u00a0<\/p><p><b>&#8211; \u00bfQu\u00e9 debo hacer si hay un defecto o problema con el bolso que recib\u00ed?<\/b><br \/>Cont\u00e1ctenos en info@vabyalevillegas.com. Si la solicitud de devoluci\u00f3n est\u00e1 dentro del plazo de 30 d\u00edas, puede recibir un reembolso.<\/p><p>\u00a0<\/p><p><b>&#8211; \u00bfPuedo cambiar mi bolso?<\/b><br \/>S\u00ed, puede solicitar un cambio dentro de los 30 d\u00edas calendario posteriores a la compra. Nosotros cubriremos el costo de env\u00edo del cambio.<\/p><p>\u00a0<\/p><p><b>&#8211; \u00bfQui\u00e9n paga los costos de un cambio de una compra realizada fuera de Estados Unidos?<\/b><br \/>En el caso de requerir realizar una devoluci\u00f3n de una compra fuera de Estados Unidos, los gastos de env\u00edo deber\u00e1n ser asumidos por el comprador.<\/p><h4>\u00a0<\/h4><h4 class=\"wp-block-heading\"><span style=\"text-decoration: underline;\"><b>SERVICIO AL CLIENTE<\/b><\/span><\/h4><p><b>&#8211; \u00bfC\u00f3mo puedo contactar al servicio al cliente?<\/b><br \/>Puede comunicarse con nosotros por correo electr\u00f3nico a info@vabyalevillegas.com o v\u00eda WhatsApp al +1 (305) 283-9968 para cualquier consulta.<\/p><p>\u00a0<\/p><p><b>&#8211; \u00bfMis datos personales est\u00e1n protegidos cuando compro en su sitio?<\/b><br \/>S\u00ed, recopilamos \u00fanicamente la informaci\u00f3n necesaria para procesar pedidos y pagos. No recopilamos intencionalmente datos de menores de 18 a\u00f1os.<\/p><p>\u00a0<\/p><p><b>&#8211; \u00bfQu\u00e9 informaci\u00f3n recopila el sitio cuando realizo una compra?<\/b><br \/>Podemos recopilar nombre, correo electr\u00f3nico, direcci\u00f3n postal, direcci\u00f3n de facturaci\u00f3n\/env\u00edo, n\u00famero de tel\u00e9fono e informaci\u00f3n de pago para procesar los pedidos.<\/p><p>\u00a0<\/p><p><b>&#8211; \u00bfLos precios se muestran en d\u00f3lares estadounidenses?<\/b><br \/>S\u00ed, todos los precios de los productos est\u00e1n listados en d\u00f3lares estadounidenses en el sitio web.<\/p><p>\u00a0<\/p><p><b>&#8211; \u00bfPuedo darme de baja de los correos electr\u00f3nicos de marketing o comunicaciones promocionales?<\/b><br \/>S\u00ed, puede optar por no recibir comunicaciones de marketing en cualquier momento, tal como se describe en nuestro aviso de privacidad.<\/p>\t\t\t\t\t\t\t\t<\/div>\n\t\t\t\t<\/div>\n\t\t\t\t\t<\/div>\n\t\t\t\t<\/div>\n\t\t\t\t<\/div>\n\t\t","protected":false},"excerpt":{"rendered":"<p>Preguntas frecuentes PEDIDOS &#8211; \u00bfCu\u00e1nto tiempo tarda en procesarse mi pedido?Cada pedido se prepara cuidadosamente con atenci\u00f3n al detalle. Permita entre 24 y 48 horas para el procesamiento antes de que se entregue a USPS para su env\u00edo. \u00a0 &#8211; \u00bfC\u00f3mo ser\u00e9 notificado sobre mi pedido?Despu\u00e9s de completar su compra, recibir\u00e1 un correo electr\u00f3nico de [&hellip;]<\/p>\n","protected":false},"author":2,"featured_media":0,"parent":0,"menu_order":0,"comment_status":"closed","ping_status":"closed","template":"","meta":{"_acf_changed":false,"footnotes":""},"class_list":["post-4806","page","type-page","status-publish","hentry"],"acf":[],"jetpack_sharing_enabled":true,"_links":{"self":[{"href":"https:\/\/vabyalevillegas.com\/es\/wp-json\/wp\/v2\/pages\/4806","targetHints":{"allow":["GET"]}}],"collection":[{"href":"https:\/\/vabyalevillegas.com\/es\/wp-json\/wp\/v2\/pages"}],"about":[{"href":"https:\/\/vabyalevillegas.com\/es\/wp-json\/wp\/v2\/types\/page"}],"author":[{"embeddable":true,"href":"https:\/\/vabyalevillegas.com\/es\/wp-json\/wp\/v2\/users\/2"}],"replies":[{"embeddable":true,"href":"https:\/\/vabyalevillegas.com\/es\/wp-json\/wp\/v2\/comments?post=4806"}],"version-history":[{"count":19,"href":"https:\/\/vabyalevillegas.com\/es\/wp-json\/wp\/v2\/pages\/4806\/revisions"}],"predecessor-version":[{"id":5187,"href":"https:\/\/vabyalevillegas.com\/es\/wp-json\/wp\/v2\/pages\/4806\/revisions\/5187"}],"wp:attachment":[{"href":"https:\/\/vabyalevillegas.com\/es\/wp-json\/wp\/v2\/media?parent=4806"}],"curies":[{"name":"wp","href":"https:\/\/api.w.org\/{rel}","templated":true}]}}