{"id":2341,"date":"2025-02-09T10:35:39","date_gmt":"2025-02-09T10:35:39","guid":{"rendered":"https:\/\/vabyalevillegas.com\/cambios-y-devoluciones\/"},"modified":"2025-03-11T13:27:10","modified_gmt":"2025-03-11T13:27:10","slug":"cambios-y-devoluciones","status":"publish","type":"page","link":"https:\/\/vabyalevillegas.com\/es\/cambios-y-devoluciones\/","title":{"rendered":"Cambios y devoluciones"},"content":{"rendered":"\t\t<div data-elementor-type=\"wp-page\" data-elementor-id=\"2341\" class=\"elementor elementor-2341 elementor-13\" data-elementor-post-type=\"page\">\n\t\t\t\t<div class=\"elementor-element elementor-element-278b1898 e-flex e-con-boxed e-con e-parent\" data-id=\"278b1898\" data-element_type=\"container\" data-e-type=\"container\">\n\t\t\t\t\t<div class=\"e-con-inner\">\n\t\t\t\t<div class=\"elementor-element elementor-element-76abf357 elementor-widget elementor-widget-text-editor\" data-id=\"76abf357\" data-element_type=\"widget\" data-e-type=\"widget\" data-widget_type=\"text-editor.default\">\n\t\t\t\t<div class=\"elementor-widget-container\">\n\t\t\t\t\t\t\t\t\t\n<p>Gracias por comprar nuestro producto de VA by Ale Villegas.<\/p>\n<p>Ofrecemos una garant\u00eda total de devoluci\u00f3n de dinero para todas las compras realizadas en nuestro sitio web.<\/p>\n\n<p> <\/p>\n<p>Si no est\u00e1 satisfecho con el producto que nos ha comprado, podemos ofrecerle la devoluci\u00f3n de su dinero sin hacer preguntas. Tiene derecho a un reembolso total dentro de los 30 d\u00edas calendario posteriores a su compra. <\/p>\n\n<p> <\/p>\n<p>Despu\u00e9s del per\u00edodo de 30 d\u00edas, ya no tendr\u00e1 derecho a recibir un reembolso. Alentamos a nuestros clientes a probar el producto en las primeras dos semanas posteriores a su compra para asegurarse de que se ajuste a sus necesidades. Si tiene alguna pregunta adicional, no dude en <em><a href=\"https:\/\/vabyalevillegas.com\/contact\/\">comunicarse con nosotros.<\/a><\/em>  <\/p>\n\n<p> <\/p>\n\t\t\t\t\t\t\t\t<\/div>\n\t\t\t\t<\/div>\n\t\t\t\t\t<\/div>\n\t\t\t\t<\/div>\n\t\t\t\t<\/div>\n\t\t","protected":false},"excerpt":{"rendered":"<p>Gracias por comprar nuestro producto de VA by Ale Villegas. Ofrecemos una garant\u00eda total de devoluci\u00f3n de dinero para todas las compras realizadas en nuestro sitio web. Si no est\u00e1 satisfecho con el producto que nos ha comprado, podemos ofrecerle la devoluci\u00f3n de su dinero sin hacer preguntas. Tiene derecho a un reembolso total dentro [&hellip;]<\/p>\n","protected":false},"author":2,"featured_media":0,"parent":0,"menu_order":0,"comment_status":"closed","ping_status":"open","template":"","meta":{"_acf_changed":false,"footnotes":""},"class_list":["post-2341","page","type-page","status-publish","hentry"],"acf":[],"jetpack_sharing_enabled":true,"_links":{"self":[{"href":"https:\/\/vabyalevillegas.com\/es\/wp-json\/wp\/v2\/pages\/2341","targetHints":{"allow":["GET"]}}],"collection":[{"href":"https:\/\/vabyalevillegas.com\/es\/wp-json\/wp\/v2\/pages"}],"about":[{"href":"https:\/\/vabyalevillegas.com\/es\/wp-json\/wp\/v2\/types\/page"}],"author":[{"embeddable":true,"href":"https:\/\/vabyalevillegas.com\/es\/wp-json\/wp\/v2\/users\/2"}],"replies":[{"embeddable":true,"href":"https:\/\/vabyalevillegas.com\/es\/wp-json\/wp\/v2\/comments?post=2341"}],"version-history":[{"count":11,"href":"https:\/\/vabyalevillegas.com\/es\/wp-json\/wp\/v2\/pages\/2341\/revisions"}],"predecessor-version":[{"id":2789,"href":"https:\/\/vabyalevillegas.com\/es\/wp-json\/wp\/v2\/pages\/2341\/revisions\/2789"}],"wp:attachment":[{"href":"https:\/\/vabyalevillegas.com\/es\/wp-json\/wp\/v2\/media?parent=2341"}],"curies":[{"name":"wp","href":"https:\/\/api.w.org\/{rel}","templated":true}]}}