{"id":2337,"date":"2025-02-15T22:36:18","date_gmt":"2025-02-15T22:36:18","guid":{"rendered":"https:\/\/vabyalevillegas.com\/acerca-de-nosotras\/"},"modified":"2025-02-27T18:42:05","modified_gmt":"2025-02-27T18:42:05","slug":"acerca-de-nosotras","status":"publish","type":"page","link":"https:\/\/vabyalevillegas.com\/es\/acerca-de-nosotras\/","title":{"rendered":"Acerca de nosotras"},"content":{"rendered":"\t\t<div data-elementor-type=\"wp-page\" data-elementor-id=\"2337\" class=\"elementor elementor-2337 elementor-1362\" data-elementor-post-type=\"page\">\n\t\t\t\t<div class=\"elementor-element elementor-element-ced0a93 e-flex e-con-boxed e-con e-parent\" data-id=\"ced0a93\" data-element_type=\"container\" data-e-type=\"container\" data-settings=\"{&quot;background_background&quot;:&quot;classic&quot;}\">\n\t\t\t\t\t<div class=\"e-con-inner\">\n\t\t<div class=\"elementor-element elementor-element-f7f76d2 e-con-full e-flex e-con e-child\" data-id=\"f7f76d2\" data-element_type=\"container\" data-e-type=\"container\" data-settings=\"{&quot;background_background&quot;:&quot;classic&quot;}\">\n\t\t\t\t<div class=\"elementor-element elementor-element-838cfac elementor-widget elementor-widget-heading\" data-id=\"838cfac\" data-element_type=\"widget\" data-e-type=\"widget\" data-widget_type=\"heading.default\">\n\t\t\t\t<div class=\"elementor-widget-container\">\n\t\t\t\t\t<h1 class=\"elementor-heading-title elementor-size-default\">Acerca de nosotras<\/h1>\t\t\t\t<\/div>\n\t\t\t\t<\/div>\n\t\t\t\t<\/div>\n\t\t\t\t\t<\/div>\n\t\t\t\t<\/div>\n\t\t<div class=\"elementor-element elementor-element-44211ca e-flex e-con-boxed e-con e-parent\" data-id=\"44211ca\" data-element_type=\"container\" data-e-type=\"container\">\n\t\t\t\t\t<div class=\"e-con-inner\">\n\t\t<div class=\"elementor-element elementor-element-e98b8fd e-con-full e-flex e-con e-child\" data-id=\"e98b8fd\" data-element_type=\"container\" data-e-type=\"container\" data-settings=\"{&quot;background_background&quot;:&quot;classic&quot;}\">\n\t\t\t\t<\/div>\n\t\t<div class=\"elementor-element elementor-element-7b0113d e-con-full e-flex e-con e-child\" data-id=\"7b0113d\" data-element_type=\"container\" data-e-type=\"container\">\n\t\t\t\t<div class=\"elementor-element elementor-element-f2cee08 elementor-widget elementor-widget-heading\" data-id=\"f2cee08\" data-element_type=\"widget\" data-e-type=\"widget\" data-widget_type=\"heading.default\">\n\t\t\t\t<div class=\"elementor-widget-container\">\n\t\t\t\t\t<h1 class=\"elementor-heading-title elementor-size-default\">Nuestra relaci\u00f3n<\/h1>\t\t\t\t<\/div>\n\t\t\t\t<\/div>\n\t\t\t\t<div class=\"elementor-element elementor-element-6048ba8 elementor-widget elementor-widget-text-editor\" data-id=\"6048ba8\" data-element_type=\"widget\" data-e-type=\"widget\" data-widget_type=\"text-editor.default\">\n\t\t\t\t<div class=\"elementor-widget-container\">\n\t\t\t\t\t\t\t\t\t<p>Un aspecto importante de nuestra relaci\u00f3n personal y profesional es que ambas somos aventureras y tenemos la misma filosof\u00eda de vida. Creemos fervientemente que todo lo que se hace con pasi\u00f3n y buena vibra tiende a traer resultados positivos. Te preguntar\u00e1s \u00bfpor qu\u00e9 carteras?, porque creemos que la relaci\u00f3n de una mujer con su bolso puede tener m\u00faltiples significados: seguridad, estilo de vida, estatus social, carga emocional y por supuesto, es una declaraci\u00f3n del amor por la moda. Esta relaci\u00f3n es sumamente individual y cada elecci\u00f3n revela algo \u00fanico acerca de nuestras personalidades.   <\/p>\n\t\t\t\t\t\t\t\t<\/div>\n\t\t\t\t<\/div>\n\t\t\t\t<\/div>\n\t\t\t\t\t<\/div>\n\t\t\t\t<\/div>\n\t\t<div class=\"elementor-element elementor-element-611f0ff e-flex e-con-boxed e-con e-parent\" data-id=\"611f0ff\" data-element_type=\"container\" data-e-type=\"container\">\n\t\t\t\t\t<div class=\"e-con-inner\">\n\t\t<div class=\"elementor-element elementor-element-5829c90 e-con-full e-flex e-con e-child\" data-id=\"5829c90\" data-element_type=\"container\" data-e-type=\"container\">\n\t\t\t\t<div class=\"elementor-element elementor-element-9b7f7cf elementor-widget elementor-widget-heading\" data-id=\"9b7f7cf\" data-element_type=\"widget\" data-e-type=\"widget\" data-widget_type=\"heading.default\">\n\t\t\t\t<div class=\"elementor-widget-container\">\n\t\t\t\t\t<h1 class=\"elementor-heading-title elementor-size-default\">\u00bfPor qu\u00e9 carteras?<\/h1>\t\t\t\t<\/div>\n\t\t\t\t<\/div>\n\t\t\t\t<div class=\"elementor-element elementor-element-63aed0b elementor-widget elementor-widget-text-editor\" data-id=\"63aed0b\" data-element_type=\"widget\" data-e-type=\"widget\" data-widget_type=\"text-editor.default\">\n\t\t\t\t<div class=\"elementor-widget-container\">\n\t\t\t\t\t\t\t\t\t<p>Las carteras son como las buenas amigas, te acompa\u00f1an en las buenas y en las malas y siempre necesitas una. Estas piezas no solo tienen la nobleza de acentuar tus looks, sino que tambi\u00e9n son accesorios que puedes usar sin importar el tipo de cuerpo que tengas. Siempre podr\u00e1s encontrar un modelo perfecto para ti, no tiene que quedarte perfecto, solo tiene que gustarte. Los bolsos representan un apoyo incondicional en el mundo de la moda y as\u00ed mismo sentimos que es nuestra amistad, relaci\u00f3n y sociedad: incondicional. Nuestro objetivo es que la relaci\u00f3n contigo sea incondicional tambi\u00e9n, y que las chicas VA sepan que pueden confiar en nuestro producto para sentirse mujeres espl\u00e9ndidas.    <\/p>\n\t\t\t\t\t\t\t\t<\/div>\n\t\t\t\t<\/div>\n\t\t\t\t<div class=\"elementor-element elementor-element-23f25ff elementor-widget elementor-widget-image\" data-id=\"23f25ff\" data-element_type=\"widget\" data-e-type=\"widget\" data-widget_type=\"image.default\">\n\t\t\t\t<div class=\"elementor-widget-container\">\n\t\t\t\t\t\t\t\t\t\t\t\t\t\t\t<img fetchpriority=\"high\" decoding=\"async\" width=\"768\" height=\"243\" src=\"https:\/\/vabyalevillegas.com\/wp-content\/uploads\/FIRMA_ABOUT_US-768x243-1.png\" class=\"attachment-large size-large wp-image-1709\" alt=\"\" srcset=\"https:\/\/vabyalevillegas.com\/wp-content\/uploads\/FIRMA_ABOUT_US-768x243-1.png 768w, https:\/\/vabyalevillegas.com\/wp-content\/uploads\/FIRMA_ABOUT_US-768x243-1-300x95.png 300w, https:\/\/vabyalevillegas.com\/wp-content\/uploads\/FIRMA_ABOUT_US-768x243-1-600x190.png 600w\" sizes=\"(max-width: 768px) 100vw, 768px\" \/>\t\t\t\t\t\t\t\t\t\t\t\t\t\t\t<\/div>\n\t\t\t\t<\/div>\n\t\t\t\t<\/div>\n\t\t<div class=\"elementor-element elementor-element-ba9a474 e-con-full e-flex e-con e-child\" data-id=\"ba9a474\" data-element_type=\"container\" data-e-type=\"container\" data-settings=\"{&quot;background_background&quot;:&quot;classic&quot;}\">\n\t\t\t\t<\/div>\n\t\t\t\t\t<\/div>\n\t\t\t\t<\/div>\n\t\t\t\t<\/div>\n\t\t","protected":false},"excerpt":{"rendered":"<p>Acerca de nosotras Nuestra relaci\u00f3n Un aspecto importante de nuestra relaci\u00f3n personal y profesional es que ambas somos aventureras y tenemos la misma filosof\u00eda de vida. Creemos fervientemente que todo lo que se hace con pasi\u00f3n y buena vibra tiende a traer resultados positivos. Te preguntar\u00e1s \u00bfpor qu\u00e9 carteras?, porque creemos que la relaci\u00f3n de [&hellip;]<\/p>\n","protected":false},"author":2,"featured_media":0,"parent":0,"menu_order":0,"comment_status":"closed","ping_status":"closed","template":"","meta":{"_acf_changed":false,"footnotes":""},"class_list":["post-2337","page","type-page","status-publish","hentry"],"acf":[],"jetpack_sharing_enabled":true,"_links":{"self":[{"href":"https:\/\/vabyalevillegas.com\/es\/wp-json\/wp\/v2\/pages\/2337","targetHints":{"allow":["GET"]}}],"collection":[{"href":"https:\/\/vabyalevillegas.com\/es\/wp-json\/wp\/v2\/pages"}],"about":[{"href":"https:\/\/vabyalevillegas.com\/es\/wp-json\/wp\/v2\/types\/page"}],"author":[{"embeddable":true,"href":"https:\/\/vabyalevillegas.com\/es\/wp-json\/wp\/v2\/users\/2"}],"replies":[{"embeddable":true,"href":"https:\/\/vabyalevillegas.com\/es\/wp-json\/wp\/v2\/comments?post=2337"}],"version-history":[{"count":1,"href":"https:\/\/vabyalevillegas.com\/es\/wp-json\/wp\/v2\/pages\/2337\/revisions"}],"predecessor-version":[{"id":2338,"href":"https:\/\/vabyalevillegas.com\/es\/wp-json\/wp\/v2\/pages\/2337\/revisions\/2338"}],"wp:attachment":[{"href":"https:\/\/vabyalevillegas.com\/es\/wp-json\/wp\/v2\/media?parent=2337"}],"curies":[{"name":"wp","href":"https:\/\/api.w.org\/{rel}","templated":true}]}}